{"id":325,"date":"2021-08-24T22:39:47","date_gmt":"2021-08-24T22:39:47","guid":{"rendered":"https:\/\/municoihueco.cl\/Inicio\/?page_id=325"},"modified":"2024-12-06T18:18:00","modified_gmt":"2024-12-06T18:18:00","slug":"oficina-de-seguridad-publica-emergencias-y-proteccion-civil","status":"publish","type":"page","link":"https:\/\/municoihueco.cl\/Inicio\/oficina-de-seguridad-publica-emergencias-y-proteccion-civil\/","title":{"rendered":"Oficina de Seguridad P\u00fablica, Emergencias y Protecci\u00f3n Civil"},"content":{"rendered":"\t\t<div data-elementor-type=\"wp-page\" data-elementor-id=\"325\" class=\"elementor elementor-325\">\n\t\t\t\t\t\t<section class=\"elementor-section elementor-top-section elementor-element elementor-element-0ee0174 elementor-section-boxed elementor-section-height-default elementor-section-height-default\" data-id=\"0ee0174\" data-element_type=\"section\" data-e-type=\"section\">\n\t\t\t\t\t\t<div class=\"elementor-container elementor-column-gap-default\">\n\t\t\t\t\t<div class=\"elementor-column elementor-col-100 elementor-top-column elementor-element elementor-element-5fb3bad\" data-id=\"5fb3bad\" data-element_type=\"column\" data-e-type=\"column\">\n\t\t\t<div class=\"elementor-widget-wrap elementor-element-populated\">\n\t\t\t\t\t\t<div class=\"elementor-element elementor-element-f700456 elementor-widget elementor-widget-image\" data-id=\"f700456\" data-element_type=\"widget\" data-e-type=\"widget\" data-widget_type=\"image.default\">\n\t\t\t\t<div class=\"elementor-widget-container\">\n\t\t\t\t\t\t\t\t\t\t\t\t\t\t\t<img fetchpriority=\"high\" decoding=\"async\" width=\"1024\" height=\"192\" src=\"https:\/\/municoihueco.cl\/Inicio\/wp-content\/uploads\/2024\/12\/Banner-emergencia-y-segurida-dpublica-1024x192.png\" class=\"attachment-large size-large wp-image-11525\" alt=\"\" srcset=\"https:\/\/municoihueco.cl\/Inicio\/wp-content\/uploads\/2024\/12\/Banner-emergencia-y-segurida-dpublica-1024x192.png 1024w, https:\/\/municoihueco.cl\/Inicio\/wp-content\/uploads\/2024\/12\/Banner-emergencia-y-segurida-dpublica-300x56.png 300w, https:\/\/municoihueco.cl\/Inicio\/wp-content\/uploads\/2024\/12\/Banner-emergencia-y-segurida-dpublica-768x144.png 768w, https:\/\/municoihueco.cl\/Inicio\/wp-content\/uploads\/2024\/12\/Banner-emergencia-y-segurida-dpublica-1536x288.png 1536w, https:\/\/municoihueco.cl\/Inicio\/wp-content\/uploads\/2024\/12\/Banner-emergencia-y-segurida-dpublica.png 1920w\" sizes=\"(max-width: 1024px) 100vw, 1024px\" \/>\t\t\t\t\t\t\t\t\t\t\t\t\t\t\t<\/div>\n\t\t\t\t<\/div>\n\t\t\t\t\t<\/div>\n\t\t<\/div>\n\t\t\t\t\t<\/div>\n\t\t<\/section>\n\t\t\t\t<section class=\"elementor-section elementor-top-section elementor-element elementor-element-8ceb2f9 elementor-section-boxed elementor-section-height-default elementor-section-height-default\" data-id=\"8ceb2f9\" data-element_type=\"section\" data-e-type=\"section\">\n\t\t\t\t\t\t<div class=\"elementor-container elementor-column-gap-default\">\n\t\t\t\t\t<div class=\"elementor-column elementor-col-100 elementor-top-column elementor-element elementor-element-615646a elementor-invisible\" data-id=\"615646a\" data-element_type=\"column\" data-e-type=\"column\" data-settings=\"{&quot;background_background&quot;:&quot;classic&quot;,&quot;animation&quot;:&quot;fadeInUp&quot;}\">\n\t\t\t<div class=\"elementor-widget-wrap elementor-element-populated\">\n\t\t\t\t\t\t<div class=\"elementor-element elementor-element-3cad23a elementor-widget elementor-widget-text-editor\" data-id=\"3cad23a\" data-element_type=\"widget\" data-e-type=\"widget\" data-widget_type=\"text-editor.default\">\n\t\t\t\t<div class=\"elementor-widget-container\">\n\t\t\t\t\t\t\t\t\t<p><span lang=\"ES-CL\">Esta oficina se encarga de resguardar la seguridad en la comuna, trabajando mancomunadamente con las polic\u00edas y Fiscal\u00eda. Tambi\u00e9n, procura el bienestar de los vecinos y vecinas ante cat\u00e1strofes como temporales o incendios, apoyando el rol de Bomberos y otras instituciones que act\u00faan frente a las emergencias.<\/span><\/p>\t\t\t\t\t\t\t\t<\/div>\n\t\t\t\t<\/div>\n\t\t\t\t<section class=\"elementor-section elementor-inner-section elementor-element elementor-element-74a6a69 elementor-section-boxed elementor-section-height-default elementor-section-height-default\" data-id=\"74a6a69\" data-element_type=\"section\" data-e-type=\"section\">\n\t\t\t\t\t\t<div class=\"elementor-container elementor-column-gap-default\">\n\t\t\t\t\t<div class=\"elementor-column elementor-col-100 elementor-inner-column elementor-element elementor-element-beab319\" data-id=\"beab319\" data-element_type=\"column\" data-e-type=\"column\">\n\t\t\t<div class=\"elementor-widget-wrap elementor-element-populated\">\n\t\t\t\t\t\t<div class=\"elementor-element elementor-element-7c12e96 elementor-widget elementor-widget-text-editor\" data-id=\"7c12e96\" data-element_type=\"widget\" data-e-type=\"widget\" data-widget_type=\"text-editor.default\">\n\t\t\t\t<div class=\"elementor-widget-container\">\n\t\t\t\t\t\t\t\t\t<p><span lang=\"ES-CL\">Alexis Cofr\u00e9 Canto <\/span><\/p><p><span lang=\"ES-CL\"><b>Tel\u00e9fono:<\/b> <span style=\"color: #475156; background-image: initial; background-position: initial; background-size: initial; background-repeat: initial; background-attachment: initial; background-origin: initial; background-clip: initial;\">42-2471002- 471007 anexo 268<\/span><\/span><\/p><p><span lang=\"ES-CL\"><strong>Correo Electr\u00f3nico:<\/strong><a href=\"mailto:ecofre@municoihueco.cl\">ecofre@municoihueco.cl<\/a><\/span><\/p>\t\t\t\t\t\t\t\t<\/div>\n\t\t\t\t<\/div>\n\t\t\t\t\t<\/div>\n\t\t<\/div>\n\t\t\t\t\t<\/div>\n\t\t<\/section>\n\t\t\t\t\t<\/div>\n\t\t<\/div>\n\t\t\t\t\t<\/div>\n\t\t<\/section>\n\t\t\t\t<\/div>\n\t\t","protected":false},"excerpt":{"rendered":"<p>Esta oficina se encarga de resguardar la seguridad en la comuna, trabajando mancomunadamente con las polic\u00edas y Fiscal\u00eda. Tambi\u00e9n, procura el bienestar de los vecinos y vecinas ante cat\u00e1strofes como temporales o incendios, apoyando el rol de Bomberos y otras instituciones que act\u00faan frente a las emergencias. CONTACTO Alexis Cofr\u00e9 Canto Tel\u00e9fono: 42-2471002- 471007 anexo&#8230;<\/p>\n","protected":false},"author":1,"featured_media":0,"parent":0,"menu_order":0,"comment_status":"closed","ping_status":"closed","template":"","meta":{"_kad_post_transparent":"default","_kad_post_title":"hide","_kad_post_layout":"fullwidth","_kad_post_sidebar_id":"","_kad_post_content_style":"unboxed","_kad_post_vertical_padding":"hide","_kad_post_feature":"hide","_kad_post_feature_position":"","_kad_post_header":false,"_kad_post_footer":false,"_kad_post_classname":"","footnotes":""},"class_list":["post-325","page","type-page","status-publish","hentry"],"_links":{"self":[{"href":"https:\/\/municoihueco.cl\/Inicio\/wp-json\/wp\/v2\/pages\/325","targetHints":{"allow":["GET"]}}],"collection":[{"href":"https:\/\/municoihueco.cl\/Inicio\/wp-json\/wp\/v2\/pages"}],"about":[{"href":"https:\/\/municoihueco.cl\/Inicio\/wp-json\/wp\/v2\/types\/page"}],"author":[{"embeddable":true,"href":"https:\/\/municoihueco.cl\/Inicio\/wp-json\/wp\/v2\/users\/1"}],"replies":[{"embeddable":true,"href":"https:\/\/municoihueco.cl\/Inicio\/wp-json\/wp\/v2\/comments?post=325"}],"version-history":[{"count":34,"href":"https:\/\/municoihueco.cl\/Inicio\/wp-json\/wp\/v2\/pages\/325\/revisions"}],"predecessor-version":[{"id":11529,"href":"https:\/\/municoihueco.cl\/Inicio\/wp-json\/wp\/v2\/pages\/325\/revisions\/11529"}],"wp:attachment":[{"href":"https:\/\/municoihueco.cl\/Inicio\/wp-json\/wp\/v2\/media?parent=325"}],"curies":[{"name":"wp","href":"https:\/\/api.w.org\/{rel}","templated":true}]}}