{"id":320,"date":"2021-08-24T22:38:12","date_gmt":"2021-08-24T22:38:12","guid":{"rendered":"https:\/\/municoihueco.cl\/Inicio\/?page_id=320"},"modified":"2024-12-06T18:02:06","modified_gmt":"2024-12-06T18:02:06","slug":"juzgado-de-policia-local","status":"publish","type":"page","link":"https:\/\/municoihueco.cl\/Inicio\/juzgado-de-policia-local\/","title":{"rendered":"Juzgado de Polic\u00eda Local"},"content":{"rendered":"\t\t<div data-elementor-type=\"wp-page\" data-elementor-id=\"320\" class=\"elementor elementor-320\">\n\t\t\t\t\t\t<section class=\"elementor-section elementor-top-section elementor-element elementor-element-38a51f6 elementor-section-boxed elementor-section-height-default elementor-section-height-default\" data-id=\"38a51f6\" data-element_type=\"section\" data-e-type=\"section\">\n\t\t\t\t\t\t<div class=\"elementor-container elementor-column-gap-default\">\n\t\t\t\t\t<div class=\"elementor-column elementor-col-100 elementor-top-column elementor-element elementor-element-d476547\" data-id=\"d476547\" data-element_type=\"column\" data-e-type=\"column\">\n\t\t\t<div class=\"elementor-widget-wrap elementor-element-populated\">\n\t\t\t\t\t\t<div class=\"elementor-element elementor-element-194c59e elementor-widget elementor-widget-image\" data-id=\"194c59e\" data-element_type=\"widget\" data-e-type=\"widget\" data-widget_type=\"image.default\">\n\t\t\t\t<div class=\"elementor-widget-container\">\n\t\t\t\t\t\t\t\t\t\t\t\t\t\t\t<img fetchpriority=\"high\" decoding=\"async\" width=\"1024\" height=\"192\" src=\"https:\/\/municoihueco.cl\/Inicio\/wp-content\/uploads\/2024\/12\/Banner-juzagado-policia-local-1024x192.png\" class=\"attachment-large size-large wp-image-11513\" alt=\"\" srcset=\"https:\/\/municoihueco.cl\/Inicio\/wp-content\/uploads\/2024\/12\/Banner-juzagado-policia-local-1024x192.png 1024w, https:\/\/municoihueco.cl\/Inicio\/wp-content\/uploads\/2024\/12\/Banner-juzagado-policia-local-300x56.png 300w, https:\/\/municoihueco.cl\/Inicio\/wp-content\/uploads\/2024\/12\/Banner-juzagado-policia-local-768x144.png 768w, https:\/\/municoihueco.cl\/Inicio\/wp-content\/uploads\/2024\/12\/Banner-juzagado-policia-local-1536x288.png 1536w, https:\/\/municoihueco.cl\/Inicio\/wp-content\/uploads\/2024\/12\/Banner-juzagado-policia-local.png 1920w\" sizes=\"(max-width: 1024px) 100vw, 1024px\" \/>\t\t\t\t\t\t\t\t\t\t\t\t\t\t\t<\/div>\n\t\t\t\t<\/div>\n\t\t\t\t\t<\/div>\n\t\t<\/div>\n\t\t\t\t\t<\/div>\n\t\t<\/section>\n\t\t\t\t<section class=\"elementor-section elementor-top-section elementor-element elementor-element-ead589e elementor-section-boxed elementor-section-height-default elementor-section-height-default\" data-id=\"ead589e\" data-element_type=\"section\" data-e-type=\"section\">\n\t\t\t\t\t\t<div class=\"elementor-container elementor-column-gap-default\">\n\t\t\t\t\t<div class=\"elementor-column elementor-col-100 elementor-top-column elementor-element elementor-element-19a6c41 elementor-invisible\" data-id=\"19a6c41\" data-element_type=\"column\" data-e-type=\"column\" data-settings=\"{&quot;background_background&quot;:&quot;classic&quot;,&quot;animation&quot;:&quot;fadeInUp&quot;}\">\n\t\t\t<div class=\"elementor-widget-wrap elementor-element-populated\">\n\t\t\t\t\t\t<div class=\"elementor-element elementor-element-bb44d69 elementor-widget elementor-widget-text-editor\" data-id=\"bb44d69\" data-element_type=\"widget\" data-e-type=\"widget\" data-widget_type=\"text-editor.default\">\n\t\t\t\t<div class=\"elementor-widget-container\">\n\t\t\t\t\t\t\t\t\t<p><span lang=\"ES-CL\">Su rol es hacer cumplir la ley en relaci\u00f3n a infracciones cometidas en la comuna de acuerdo a lo establecido en la Ley N\u00b015. 231 y en aquellas leyes especiales, ordenanzas y decretos en los t\u00e9rminos que faculte la ley.<\/span><\/p><p><span lang=\"ES-CL\" style=\"background-image: initial; background-position: initial; background-size: initial; background-repeat: initial; background-attachment: initial; background-origin: initial; background-clip: initial;\"><b>Juez titular: <\/b>Dictino Ni\u00f1o Morales<\/span><\/p>\t\t\t\t\t\t\t\t<\/div>\n\t\t\t\t<\/div>\n\t\t\t\t<section class=\"elementor-section elementor-inner-section elementor-element elementor-element-25b4125 elementor-section-boxed elementor-section-height-default elementor-section-height-default\" data-id=\"25b4125\" data-element_type=\"section\" data-e-type=\"section\">\n\t\t\t\t\t\t<div class=\"elementor-container elementor-column-gap-default\">\n\t\t\t\t\t<div class=\"elementor-column elementor-col-50 elementor-inner-column elementor-element elementor-element-a75dde6\" data-id=\"a75dde6\" data-element_type=\"column\" data-e-type=\"column\">\n\t\t\t<div class=\"elementor-widget-wrap elementor-element-populated\">\n\t\t\t\t\t\t<div class=\"elementor-element elementor-element-a570684 elementor-widget elementor-widget-text-editor\" data-id=\"a570684\" data-element_type=\"widget\" data-e-type=\"widget\" data-widget_type=\"text-editor.default\">\n\t\t\t\t<div class=\"elementor-widget-container\">\n\t\t\t\t\t\t\t\t\t<p><strong><span lang=\"ES-CL\">Secretaria Juez Polic\u00eda Local: <\/span><\/strong><span lang=\"ES-CL\">M\u00f3nica Guerrero Parra<\/span><\/p><p><span lang=\"ES-CL\"><b>Tel\u00e9fono:<\/b> <span style=\"color: #475156; background-image: initial; background-position: initial; background-size: initial; background-repeat: initial; background-attachment: initial; background-origin: initial; background-clip: initial;\">42-2471002- 471007 anexo 247<\/span><\/span><\/p><p><span lang=\"ES-CL\"><b>Correo electr\u00f3nico:<\/b> <a href=\"mailto:mguerrero@municoihueco.cl\">mguerrero@municoihueco.cl<\/a><\/span><\/p>\t\t\t\t\t\t\t\t<\/div>\n\t\t\t\t<\/div>\n\t\t\t\t\t<\/div>\n\t\t<\/div>\n\t\t\t\t<div class=\"elementor-column elementor-col-50 elementor-inner-column elementor-element elementor-element-52d45ea\" data-id=\"52d45ea\" data-element_type=\"column\" data-e-type=\"column\">\n\t\t\t<div class=\"elementor-widget-wrap elementor-element-populated\">\n\t\t\t\t\t\t<div class=\"elementor-element elementor-element-cfd5c07 elementor-widget elementor-widget-text-editor\" data-id=\"cfd5c07\" data-element_type=\"widget\" data-e-type=\"widget\" data-widget_type=\"text-editor.default\">\n\t\t\t\t<div class=\"elementor-widget-container\">\n\t\t\t\t\t\t\t\t\t<p><strong><span lang=\"ES-CL\">Actuaria: <\/span><\/strong><span lang=\"ES-CL\">Zulema N\u00fa\u00f1ez Arroyo<\/span><\/p><p><span lang=\"ES-CL\"><b>Tel\u00e9fono: <\/b><span style=\"color: #475156; background-image: initial; background-position: initial; background-size: initial; background-repeat: initial; background-attachment: initial; background-origin: initial; background-clip: initial;\">42-2471002- 471007 anexo 248<\/span><\/span><\/p><p><span lang=\"ES-CL\"><b>Correo electr\u00f3nico:<\/b> <a href=\"mailto:mnunez@municoihueco.cl\">mnunez@municoihueco.cl<\/a><\/span><\/p>\t\t\t\t\t\t\t\t<\/div>\n\t\t\t\t<\/div>\n\t\t\t\t\t<\/div>\n\t\t<\/div>\n\t\t\t\t\t<\/div>\n\t\t<\/section>\n\t\t\t\t\t<\/div>\n\t\t<\/div>\n\t\t\t\t\t<\/div>\n\t\t<\/section>\n\t\t\t\t<\/div>\n\t\t","protected":false},"excerpt":{"rendered":"<p>Su rol es hacer cumplir la ley en relaci\u00f3n a infracciones cometidas en la comuna de acuerdo a lo establecido en la Ley N\u00b015. 231 y en aquellas leyes especiales, ordenanzas y decretos en los t\u00e9rminos que faculte la ley. Juez titular: Dictino Ni\u00f1o Morales CONTACTO Secretaria Juez Polic\u00eda Local: M\u00f3nica Guerrero Parra Tel\u00e9fono: 42-2471002-&#8230;<\/p>\n","protected":false},"author":1,"featured_media":0,"parent":0,"menu_order":0,"comment_status":"closed","ping_status":"closed","template":"","meta":{"_kad_post_transparent":"default","_kad_post_title":"hide","_kad_post_layout":"fullwidth","_kad_post_sidebar_id":"","_kad_post_content_style":"unboxed","_kad_post_vertical_padding":"hide","_kad_post_feature":"hide","_kad_post_feature_position":"","_kad_post_header":false,"_kad_post_footer":false,"_kad_post_classname":"","footnotes":""},"class_list":["post-320","page","type-page","status-publish","hentry"],"_links":{"self":[{"href":"https:\/\/municoihueco.cl\/Inicio\/wp-json\/wp\/v2\/pages\/320","targetHints":{"allow":["GET"]}}],"collection":[{"href":"https:\/\/municoihueco.cl\/Inicio\/wp-json\/wp\/v2\/pages"}],"about":[{"href":"https:\/\/municoihueco.cl\/Inicio\/wp-json\/wp\/v2\/types\/page"}],"author":[{"embeddable":true,"href":"https:\/\/municoihueco.cl\/Inicio\/wp-json\/wp\/v2\/users\/1"}],"replies":[{"embeddable":true,"href":"https:\/\/municoihueco.cl\/Inicio\/wp-json\/wp\/v2\/comments?post=320"}],"version-history":[{"count":28,"href":"https:\/\/municoihueco.cl\/Inicio\/wp-json\/wp\/v2\/pages\/320\/revisions"}],"predecessor-version":[{"id":11516,"href":"https:\/\/municoihueco.cl\/Inicio\/wp-json\/wp\/v2\/pages\/320\/revisions\/11516"}],"wp:attachment":[{"href":"https:\/\/municoihueco.cl\/Inicio\/wp-json\/wp\/v2\/media?parent=320"}],"curies":[{"name":"wp","href":"https:\/\/api.w.org\/{rel}","templated":true}]}}