{"id":315,"date":"2021-08-24T22:36:35","date_gmt":"2021-08-24T22:36:35","guid":{"rendered":"https:\/\/municoihueco.cl\/Inicio\/?page_id=315"},"modified":"2024-12-06T17:32:31","modified_gmt":"2024-12-06T17:32:31","slug":"direccion-de-control-interno","status":"publish","type":"page","link":"https:\/\/municoihueco.cl\/Inicio\/direccion-de-control-interno\/","title":{"rendered":"Direcci\u00f3n de Control Interno"},"content":{"rendered":"\t\t<div data-elementor-type=\"wp-page\" data-elementor-id=\"315\" class=\"elementor elementor-315\">\n\t\t\t\t\t\t<section class=\"elementor-section elementor-top-section elementor-element elementor-element-39947c0 elementor-section-boxed elementor-section-height-default elementor-section-height-default\" data-id=\"39947c0\" data-element_type=\"section\" data-e-type=\"section\">\n\t\t\t\t\t\t<div class=\"elementor-container elementor-column-gap-default\">\n\t\t\t\t\t<div class=\"elementor-column elementor-col-100 elementor-top-column elementor-element elementor-element-a25106e\" data-id=\"a25106e\" data-element_type=\"column\" data-e-type=\"column\">\n\t\t\t<div class=\"elementor-widget-wrap elementor-element-populated\">\n\t\t\t\t\t\t<div class=\"elementor-element elementor-element-93d1805 elementor-widget elementor-widget-image\" data-id=\"93d1805\" data-element_type=\"widget\" data-e-type=\"widget\" data-widget_type=\"image.default\">\n\t\t\t\t<div class=\"elementor-widget-container\">\n\t\t\t\t\t\t\t\t\t\t\t\t\t\t\t<img fetchpriority=\"high\" decoding=\"async\" width=\"1024\" height=\"192\" src=\"https:\/\/municoihueco.cl\/Inicio\/wp-content\/uploads\/2024\/12\/Banner-direc-control-intern-1024x192.png\" class=\"attachment-large size-large wp-image-11494\" alt=\"\" srcset=\"https:\/\/municoihueco.cl\/Inicio\/wp-content\/uploads\/2024\/12\/Banner-direc-control-intern-1024x192.png 1024w, https:\/\/municoihueco.cl\/Inicio\/wp-content\/uploads\/2024\/12\/Banner-direc-control-intern-300x56.png 300w, https:\/\/municoihueco.cl\/Inicio\/wp-content\/uploads\/2024\/12\/Banner-direc-control-intern-768x144.png 768w, https:\/\/municoihueco.cl\/Inicio\/wp-content\/uploads\/2024\/12\/Banner-direc-control-intern-1536x288.png 1536w, https:\/\/municoihueco.cl\/Inicio\/wp-content\/uploads\/2024\/12\/Banner-direc-control-intern.png 1920w\" sizes=\"(max-width: 1024px) 100vw, 1024px\" \/>\t\t\t\t\t\t\t\t\t\t\t\t\t\t\t<\/div>\n\t\t\t\t<\/div>\n\t\t\t\t\t<\/div>\n\t\t<\/div>\n\t\t\t\t\t<\/div>\n\t\t<\/section>\n\t\t\t\t<section class=\"elementor-section elementor-top-section elementor-element elementor-element-d1312e2 elementor-section-boxed elementor-section-height-default elementor-section-height-default\" data-id=\"d1312e2\" data-element_type=\"section\" data-e-type=\"section\">\n\t\t\t\t\t\t<div class=\"elementor-container elementor-column-gap-default\">\n\t\t\t\t\t<div class=\"elementor-column elementor-col-100 elementor-top-column elementor-element elementor-element-8654ef9 elementor-invisible\" data-id=\"8654ef9\" data-element_type=\"column\" data-e-type=\"column\" data-settings=\"{&quot;background_background&quot;:&quot;classic&quot;,&quot;animation&quot;:&quot;fadeInUp&quot;}\">\n\t\t\t<div class=\"elementor-widget-wrap elementor-element-populated\">\n\t\t\t\t\t\t<div class=\"elementor-element elementor-element-0c3934b elementor-widget elementor-widget-text-editor\" data-id=\"0c3934b\" data-element_type=\"widget\" data-e-type=\"widget\" data-widget_type=\"text-editor.default\">\n\t\t\t\t<div class=\"elementor-widget-container\">\n\t\t\t\t\t\t\t\t\t<p><span lang=\"ES-CL\">Esta Direcci\u00f3n se encarga de la auditor\u00eda operativa interna de la Municipalidad, con el objetivo de fiscalizar la legalidad y eficiencia de su actuaci\u00f3n.<\/span><\/p>\t\t\t\t\t\t\t\t<\/div>\n\t\t\t\t<\/div>\n\t\t\t\t<section class=\"elementor-section elementor-inner-section elementor-element elementor-element-d33377d elementor-section-boxed elementor-section-height-default elementor-section-height-default\" data-id=\"d33377d\" data-element_type=\"section\" data-e-type=\"section\">\n\t\t\t\t\t\t<div class=\"elementor-container elementor-column-gap-default\">\n\t\t\t\t\t<div class=\"elementor-column elementor-col-100 elementor-inner-column elementor-element elementor-element-b602c4a\" data-id=\"b602c4a\" data-element_type=\"column\" data-e-type=\"column\">\n\t\t\t<div class=\"elementor-widget-wrap elementor-element-populated\">\n\t\t\t\t\t\t<div class=\"elementor-element elementor-element-3abf36b elementor-widget elementor-widget-text-editor\" data-id=\"3abf36b\" data-element_type=\"widget\" data-e-type=\"widget\" data-widget_type=\"text-editor.default\">\n\t\t\t\t<div class=\"elementor-widget-container\">\n\t\t\t\t\t\t\t\t\t<p><span lang=\"ES-CL\"><b>Encargado de Control Interno:<\/b> Gonzalo Acu\u00f1a Mora<\/span><\/p><p><span lang=\"ES-CL\"><b>Tel\u00e9fono:<\/b> <span style=\"color: #475156; background-image: initial; background-position: initial; background-size: initial; background-repeat: initial; background-attachment: initial; background-origin: initial; background-clip: initial;\">42-2471002- 471007<\/span> anexo 209<\/span><\/p><p><span lang=\"ES-CL\"><b>Correo electr\u00f3nico: <\/b><a href=\"mailto:gacuna@municoihueco.cl\">gacuna@municoihueco.cl<\/a><\/span><\/p>\t\t\t\t\t\t\t\t<\/div>\n\t\t\t\t<\/div>\n\t\t\t\t\t<\/div>\n\t\t<\/div>\n\t\t\t\t\t<\/div>\n\t\t<\/section>\n\t\t\t\t\t<\/div>\n\t\t<\/div>\n\t\t\t\t\t<\/div>\n\t\t<\/section>\n\t\t\t\t<\/div>\n\t\t","protected":false},"excerpt":{"rendered":"<p>Esta Direcci\u00f3n se encarga de la auditor\u00eda operativa interna de la Municipalidad, con el objetivo de fiscalizar la legalidad y eficiencia de su actuaci\u00f3n. CONTACTO Encargado de Control Interno: Gonzalo Acu\u00f1a Mora Tel\u00e9fono: 42-2471002- 471007 anexo 209 Correo electr\u00f3nico: gacuna@municoihueco.cl<\/p>\n","protected":false},"author":1,"featured_media":0,"parent":0,"menu_order":0,"comment_status":"closed","ping_status":"closed","template":"","meta":{"_kad_post_transparent":"default","_kad_post_title":"hide","_kad_post_layout":"fullwidth","_kad_post_sidebar_id":"","_kad_post_content_style":"unboxed","_kad_post_vertical_padding":"hide","_kad_post_feature":"hide","_kad_post_feature_position":"","_kad_post_header":false,"_kad_post_footer":false,"_kad_post_classname":"","footnotes":""},"class_list":["post-315","page","type-page","status-publish","hentry"],"_links":{"self":[{"href":"https:\/\/municoihueco.cl\/Inicio\/wp-json\/wp\/v2\/pages\/315","targetHints":{"allow":["GET"]}}],"collection":[{"href":"https:\/\/municoihueco.cl\/Inicio\/wp-json\/wp\/v2\/pages"}],"about":[{"href":"https:\/\/municoihueco.cl\/Inicio\/wp-json\/wp\/v2\/types\/page"}],"author":[{"embeddable":true,"href":"https:\/\/municoihueco.cl\/Inicio\/wp-json\/wp\/v2\/users\/1"}],"replies":[{"embeddable":true,"href":"https:\/\/municoihueco.cl\/Inicio\/wp-json\/wp\/v2\/comments?post=315"}],"version-history":[{"count":40,"href":"https:\/\/municoihueco.cl\/Inicio\/wp-json\/wp\/v2\/pages\/315\/revisions"}],"predecessor-version":[{"id":11497,"href":"https:\/\/municoihueco.cl\/Inicio\/wp-json\/wp\/v2\/pages\/315\/revisions\/11497"}],"wp:attachment":[{"href":"https:\/\/municoihueco.cl\/Inicio\/wp-json\/wp\/v2\/media?parent=315"}],"curies":[{"name":"wp","href":"https:\/\/api.w.org\/{rel}","templated":true}]}}