{"id":304,"date":"2021-08-24T22:34:17","date_gmt":"2021-08-24T22:34:17","guid":{"rendered":"https:\/\/municoihueco.cl\/Inicio\/?page_id=304"},"modified":"2024-12-06T18:12:48","modified_gmt":"2024-12-06T18:12:48","slug":"direccion-de-transito-y-transporte-publico","status":"publish","type":"page","link":"https:\/\/municoihueco.cl\/Inicio\/direccion-de-transito-y-transporte-publico\/","title":{"rendered":"Direcci\u00f3n de Tr\u00e1nsito y Transporte P\u00fablico"},"content":{"rendered":"\t\t<div data-elementor-type=\"wp-page\" data-elementor-id=\"304\" class=\"elementor elementor-304\">\n\t\t\t\t\t\t<section class=\"elementor-section elementor-top-section elementor-element elementor-element-c8ecc1c elementor-section-boxed elementor-section-height-default elementor-section-height-default\" data-id=\"c8ecc1c\" data-element_type=\"section\" data-e-type=\"section\">\n\t\t\t\t\t\t<div class=\"elementor-container elementor-column-gap-default\">\n\t\t\t\t\t<div class=\"elementor-column elementor-col-100 elementor-top-column elementor-element elementor-element-f61f74d\" data-id=\"f61f74d\" data-element_type=\"column\" data-e-type=\"column\">\n\t\t\t<div class=\"elementor-widget-wrap elementor-element-populated\">\n\t\t\t\t\t\t<div class=\"elementor-element elementor-element-e30f5fa elementor-widget elementor-widget-image\" data-id=\"e30f5fa\" data-element_type=\"widget\" data-e-type=\"widget\" data-widget_type=\"image.default\">\n\t\t\t\t<div class=\"elementor-widget-container\">\n\t\t\t\t\t\t\t\t\t\t\t\t\t\t\t<img fetchpriority=\"high\" decoding=\"async\" width=\"1024\" height=\"192\" src=\"https:\/\/municoihueco.cl\/Inicio\/wp-content\/uploads\/2024\/12\/Banner-Direccion-de-transporte-publico-1024x192.png\" class=\"attachment-large size-large wp-image-11521\" alt=\"\" srcset=\"https:\/\/municoihueco.cl\/Inicio\/wp-content\/uploads\/2024\/12\/Banner-Direccion-de-transporte-publico-1024x192.png 1024w, https:\/\/municoihueco.cl\/Inicio\/wp-content\/uploads\/2024\/12\/Banner-Direccion-de-transporte-publico-300x56.png 300w, https:\/\/municoihueco.cl\/Inicio\/wp-content\/uploads\/2024\/12\/Banner-Direccion-de-transporte-publico-768x144.png 768w, https:\/\/municoihueco.cl\/Inicio\/wp-content\/uploads\/2024\/12\/Banner-Direccion-de-transporte-publico-1536x288.png 1536w, https:\/\/municoihueco.cl\/Inicio\/wp-content\/uploads\/2024\/12\/Banner-Direccion-de-transporte-publico.png 1920w\" sizes=\"(max-width: 1024px) 100vw, 1024px\" \/>\t\t\t\t\t\t\t\t\t\t\t\t\t\t\t<\/div>\n\t\t\t\t<\/div>\n\t\t\t\t\t<\/div>\n\t\t<\/div>\n\t\t\t\t\t<\/div>\n\t\t<\/section>\n\t\t\t\t<section class=\"elementor-section elementor-top-section elementor-element elementor-element-66d4f12 elementor-section-boxed elementor-section-height-default elementor-section-height-default\" data-id=\"66d4f12\" data-element_type=\"section\" data-e-type=\"section\">\n\t\t\t\t\t\t<div class=\"elementor-container elementor-column-gap-default\">\n\t\t\t\t\t<div class=\"elementor-column elementor-col-100 elementor-top-column elementor-element elementor-element-06b72b7 elementor-invisible\" data-id=\"06b72b7\" data-element_type=\"column\" data-e-type=\"column\" data-settings=\"{&quot;background_background&quot;:&quot;classic&quot;,&quot;animation&quot;:&quot;fadeInUp&quot;}\">\n\t\t\t<div class=\"elementor-widget-wrap elementor-element-populated\">\n\t\t\t\t\t\t<div class=\"elementor-element elementor-element-719a022 elementor-widget elementor-widget-text-editor\" data-id=\"719a022\" data-element_type=\"widget\" data-e-type=\"widget\" data-widget_type=\"text-editor.default\">\n\t\t\t\t<div class=\"elementor-widget-container\">\n\t\t\t\t\t\t\t\t\t<p><span lang=\"ES-CL\">Es competencia de esta Direcci\u00f3n el cobro de los permisos de circulaci\u00f3n y la entrega de licencias de conducir, cada uno de ellos dependiente de una unidad con el mismo nombre. Se suma a ellas la Unidad de Tr\u00e1nsito y Transporte P\u00fablico.<\/span><\/p>\t\t\t\t\t\t\t\t<\/div>\n\t\t\t\t<\/div>\n\t\t\t\t<section class=\"elementor-section elementor-inner-section elementor-element elementor-element-821c194 elementor-section-boxed elementor-section-height-default elementor-section-height-default\" data-id=\"821c194\" data-element_type=\"section\" data-e-type=\"section\">\n\t\t\t\t\t\t<div class=\"elementor-container elementor-column-gap-default\">\n\t\t\t\t\t<div class=\"elementor-column elementor-col-50 elementor-inner-column elementor-element elementor-element-8393e8a\" data-id=\"8393e8a\" data-element_type=\"column\" data-e-type=\"column\">\n\t\t\t<div class=\"elementor-widget-wrap elementor-element-populated\">\n\t\t\t\t\t\t<div class=\"elementor-element elementor-element-d7769fa elementor-widget elementor-widget-text-editor\" data-id=\"d7769fa\" data-element_type=\"widget\" data-e-type=\"widget\" data-widget_type=\"text-editor.default\">\n\t\t\t\t<div class=\"elementor-widget-container\">\n\t\t\t\t\t\t\t\t\t<h2><span lang=\"ES-CL\"><b>Directora de Tr\u00e1nsito y Transporte P\u00fablico:<\/b><\/span><\/h2><p><span lang=\"ES-CL\">M\u00f3nica Cifuentes Canales<\/span><\/p><p><b style=\"font-family: var(--global-body-font-family);\">Tel\u00e9fono:<\/b> <span style=\"color: #475156; background-image: initial; background-position: initial; background-size: initial; background-repeat: initial; background-attachment: initial; background-origin: initial; background-clip: initial;\">42-2471002- 471007 anexo 252<\/span><\/p><p><b style=\"font-family: var(--global-body-font-family);\">Correo electr\u00f3nico:<\/b> <a style=\"font-family: var(--global-body-font-family);\" href=\"mailto:mcifuentes@municoihueco.cl\">mcifuentes@municoihueco.cl<\/a><\/p>\t\t\t\t\t\t\t\t<\/div>\n\t\t\t\t<\/div>\n\t\t\t\t\t<\/div>\n\t\t<\/div>\n\t\t\t\t<div class=\"elementor-column elementor-col-50 elementor-inner-column elementor-element elementor-element-2c2dc0f\" data-id=\"2c2dc0f\" data-element_type=\"column\" data-e-type=\"column\">\n\t\t\t<div class=\"elementor-widget-wrap elementor-element-populated\">\n\t\t\t\t\t\t<div class=\"elementor-element elementor-element-5a73574 elementor-widget elementor-widget-text-editor\" data-id=\"5a73574\" data-element_type=\"widget\" data-e-type=\"widget\" data-widget_type=\"text-editor.default\">\n\t\t\t\t<div class=\"elementor-widget-container\">\n\t\t\t\t\t\t\t\t\t<h2><strong>Encargado de Licencias de conducir:<\/strong><\/h2><p>Oscar Rodr\u00edguez L\u00f3pez\u00a0 \u00a0<\/p><p><strong style=\"font-family: var(--global-body-font-family);\">Correo electr\u00f3nico:<\/strong> <a href=\"mailto:orodriguez@municoihueco.cl\"><span class=\"x_ContentPasted0\" style=\"font-family: var(--global-body-font-family);\">orodriguez@municoihueco.cl<\/span><span class=\"x_ContentPasted0\">\u00a0 <\/span><\/a><\/p><p><strong><span class=\"x_ContentPasted0\">Anexo\u00a0 264<\/span><\/strong><\/p>\t\t\t\t\t\t\t\t<\/div>\n\t\t\t\t<\/div>\n\t\t\t\t\t<\/div>\n\t\t<\/div>\n\t\t\t\t\t<\/div>\n\t\t<\/section>\n\t\t\t\t<div class=\"elementor-element elementor-element-568d570 elementor-widget-divider--view-line elementor-widget elementor-widget-divider\" data-id=\"568d570\" data-element_type=\"widget\" data-e-type=\"widget\" data-widget_type=\"divider.default\">\n\t\t\t\t<div class=\"elementor-widget-container\">\n\t\t\t\t\t\t\t<div class=\"elementor-divider\">\n\t\t\t<span class=\"elementor-divider-separator\">\n\t\t\t\t\t\t<\/span>\n\t\t<\/div>\n\t\t\t\t\t\t<\/div>\n\t\t\t\t<\/div>\n\t\t\t\t<section class=\"elementor-section elementor-inner-section elementor-element elementor-element-19e2fe8 elementor-section-boxed elementor-section-height-default elementor-section-height-default\" data-id=\"19e2fe8\" data-element_type=\"section\" data-e-type=\"section\">\n\t\t\t\t\t\t<div class=\"elementor-container elementor-column-gap-default\">\n\t\t\t\t\t<div class=\"elementor-column elementor-col-50 elementor-inner-column elementor-element elementor-element-df83878\" data-id=\"df83878\" data-element_type=\"column\" data-e-type=\"column\">\n\t\t\t<div class=\"elementor-widget-wrap elementor-element-populated\">\n\t\t\t\t\t\t<div class=\"elementor-element elementor-element-a83058d elementor-widget elementor-widget-text-editor\" data-id=\"a83058d\" data-element_type=\"widget\" data-e-type=\"widget\" data-widget_type=\"text-editor.default\">\n\t\t\t\t<div class=\"elementor-widget-container\">\n\t\t\t\t\t\t\t\t\t<p><span style=\"font-family: inherit; font-size: 28px; font-weight: bold;\">Encargado de Permisos de Circulaci\u00f3n:<\/span><\/p><div class=\"x_elementToProof\"><p><span class=\"x_ContentPasted0\">Juan Carlos Y\u00e1\u00f1ez Merino<\/span><\/p><p><strong>Correo electr\u00f3nico:<\/strong> <a href=\"mailto:jyanez@municoihueco.cl\">jyanez@municoihueco.cl<\/a><\/p><p><strong>Anexo: 251<\/strong><\/p><\/div>\t\t\t\t\t\t\t\t<\/div>\n\t\t\t\t<\/div>\n\t\t\t\t\t<\/div>\n\t\t<\/div>\n\t\t\t\t<div class=\"elementor-column elementor-col-50 elementor-inner-column elementor-element elementor-element-384a3c9\" data-id=\"384a3c9\" data-element_type=\"column\" data-e-type=\"column\">\n\t\t\t<div class=\"elementor-widget-wrap elementor-element-populated\">\n\t\t\t\t\t\t<div class=\"elementor-element elementor-element-1c72ad1 elementor-widget elementor-widget-text-editor\" data-id=\"1c72ad1\" data-element_type=\"widget\" data-e-type=\"widget\" data-widget_type=\"text-editor.default\">\n\t\t\t\t<div class=\"elementor-widget-container\">\n\t\t\t\t\t\t\t\t\t<h2><span class=\"x_ContentPasted0\">Examinadores te\u00f3rico &#8211; pr\u00e1ctico:<\/span><\/h2><p><span class=\"x_ContentPasted0\">Gabriel Oliva Ramirez<\/span><\/p><p><strong>Correo electr\u00f3nico:<\/strong> <a href=\"mailto:goliva@municoihueco.cl\">goliva@municoihueco.cl<\/a><\/p><p><strong>H\u00e9ctor Reyes Reyes<\/strong><\/p><p>Correo electr\u00f3nico : <a href=\"mailto:hreyes@municoihueco.cl\">hreyes@municoihueco.cl<\/a><\/p><p><strong>Anexo: 283<\/strong><\/p>\t\t\t\t\t\t\t\t<\/div>\n\t\t\t\t<\/div>\n\t\t\t\t\t<\/div>\n\t\t<\/div>\n\t\t\t\t\t<\/div>\n\t\t<\/section>\n\t\t\t\t<div class=\"elementor-element elementor-element-25ebb60 elementor-widget elementor-widget-text-editor\" data-id=\"25ebb60\" data-element_type=\"widget\" data-e-type=\"widget\" data-widget_type=\"text-editor.default\">\n\t\t\t\t<div class=\"elementor-widget-container\">\n\t\t\t\t\t\t\t\t\t<h4><strong>Direcci\u00f3n: <\/strong>Sargento Aldea #1345<\/h4>\t\t\t\t\t\t\t\t<\/div>\n\t\t\t\t<\/div>\n\t\t\t\t<section class=\"elementor-section elementor-inner-section elementor-element elementor-element-40a9c05 elementor-section-boxed elementor-section-height-default elementor-section-height-default\" data-id=\"40a9c05\" data-element_type=\"section\" data-e-type=\"section\">\n\t\t\t\t\t\t<div class=\"elementor-container elementor-column-gap-default\">\n\t\t\t\t\t<div class=\"elementor-column elementor-col-50 elementor-inner-column elementor-element elementor-element-d2b581c\" data-id=\"d2b581c\" data-element_type=\"column\" data-e-type=\"column\">\n\t\t\t<div class=\"elementor-widget-wrap elementor-element-populated\">\n\t\t\t\t\t\t<div class=\"elementor-element elementor-element-e5a747f e-transform elementor-widget elementor-widget-image\" data-id=\"e5a747f\" data-element_type=\"widget\" data-e-type=\"widget\" data-settings=\"{&quot;_transform_scale_effect_hover&quot;:{&quot;unit&quot;:&quot;px&quot;,&quot;size&quot;:1.100000000000000088817841970012523233890533447265625,&quot;sizes&quot;:[]},&quot;_transform_scale_effect_hover_tablet&quot;:{&quot;unit&quot;:&quot;px&quot;,&quot;size&quot;:&quot;&quot;,&quot;sizes&quot;:[]},&quot;_transform_scale_effect_hover_mobile&quot;:{&quot;unit&quot;:&quot;px&quot;,&quot;size&quot;:&quot;&quot;,&quot;sizes&quot;:[]}}\" data-widget_type=\"image.default\">\n\t\t\t\t<div class=\"elementor-widget-container\">\n\t\t\t\t\t\t\t\t\t\t\t\t\t\t\t\t<a href=\"https:\/\/municoihueco.cl\/Inicio\/wp-content\/uploads\/2022\/07\/reglamento-licencias-conducir.pdf\" target=\"_blank\">\n\t\t\t\t\t\t\t<img decoding=\"async\" width=\"353\" height=\"178\" src=\"https:\/\/municoihueco.cl\/Inicio\/wp-content\/uploads\/2024\/12\/reglamento-1.png\" class=\"attachment-large size-large wp-image-11285\" alt=\"\" srcset=\"https:\/\/municoihueco.cl\/Inicio\/wp-content\/uploads\/2024\/12\/reglamento-1.png 353w, https:\/\/municoihueco.cl\/Inicio\/wp-content\/uploads\/2024\/12\/reglamento-1-300x151.png 300w\" sizes=\"(max-width: 353px) 100vw, 353px\" \/>\t\t\t\t\t\t\t\t<\/a>\n\t\t\t\t\t\t\t\t\t\t\t\t\t\t\t<\/div>\n\t\t\t\t<\/div>\n\t\t\t\t\t<\/div>\n\t\t<\/div>\n\t\t\t\t<div class=\"elementor-column elementor-col-50 elementor-inner-column elementor-element elementor-element-d309ff9\" data-id=\"d309ff9\" data-element_type=\"column\" data-e-type=\"column\">\n\t\t\t<div class=\"elementor-widget-wrap elementor-element-populated\">\n\t\t\t\t\t\t<div class=\"elementor-element elementor-element-1310562 e-transform elementor-widget elementor-widget-image\" data-id=\"1310562\" data-element_type=\"widget\" data-e-type=\"widget\" data-settings=\"{&quot;_transform_scale_effect_hover&quot;:{&quot;unit&quot;:&quot;px&quot;,&quot;size&quot;:1.100000000000000088817841970012523233890533447265625,&quot;sizes&quot;:[]},&quot;_transform_scale_effect_hover_tablet&quot;:{&quot;unit&quot;:&quot;px&quot;,&quot;size&quot;:&quot;&quot;,&quot;sizes&quot;:[]},&quot;_transform_scale_effect_hover_mobile&quot;:{&quot;unit&quot;:&quot;px&quot;,&quot;size&quot;:&quot;&quot;,&quot;sizes&quot;:[]}}\" data-widget_type=\"image.default\">\n\t\t\t\t<div class=\"elementor-widget-container\">\n\t\t\t\t\t\t\t\t\t\t\t\t\t\t\t\t<a href=\"https:\/\/municoihueco.cl\/Inicio\/wp-content\/uploads\/2021\/10\/DECLARACIO\u0301N-JURADA-18440.pdf\" target=\"_blank\">\n\t\t\t\t\t\t\t<img decoding=\"async\" width=\"353\" height=\"178\" src=\"https:\/\/municoihueco.cl\/Inicio\/wp-content\/uploads\/2024\/12\/declaracion-jur.png\" class=\"attachment-large size-large wp-image-11284\" alt=\"\" srcset=\"https:\/\/municoihueco.cl\/Inicio\/wp-content\/uploads\/2024\/12\/declaracion-jur.png 353w, https:\/\/municoihueco.cl\/Inicio\/wp-content\/uploads\/2024\/12\/declaracion-jur-300x151.png 300w\" sizes=\"(max-width: 353px) 100vw, 353px\" \/>\t\t\t\t\t\t\t\t<\/a>\n\t\t\t\t\t\t\t\t\t\t\t\t\t\t\t<\/div>\n\t\t\t\t<\/div>\n\t\t\t\t\t<\/div>\n\t\t<\/div>\n\t\t\t\t\t<\/div>\n\t\t<\/section>\n\t\t\t\t\t<\/div>\n\t\t<\/div>\n\t\t\t\t\t<\/div>\n\t\t<\/section>\n\t\t\t\t<\/div>\n\t\t","protected":false},"excerpt":{"rendered":"<p>Es competencia de esta Direcci\u00f3n el cobro de los permisos de circulaci\u00f3n y la entrega de licencias de conducir, cada uno de ellos dependiente de una unidad con el mismo nombre. Se suma a ellas la Unidad de Tr\u00e1nsito y Transporte P\u00fablico. CONTACTO Directora de Tr\u00e1nsito y Transporte P\u00fablico: M\u00f3nica Cifuentes Canales Tel\u00e9fono: 42-2471002- 471007&#8230;<\/p>\n","protected":false},"author":1,"featured_media":0,"parent":0,"menu_order":0,"comment_status":"closed","ping_status":"closed","template":"","meta":{"_kad_post_transparent":"default","_kad_post_title":"hide","_kad_post_layout":"fullwidth","_kad_post_sidebar_id":"","_kad_post_content_style":"unboxed","_kad_post_vertical_padding":"hide","_kad_post_feature":"hide","_kad_post_feature_position":"","_kad_post_header":false,"_kad_post_footer":false,"_kad_post_classname":"","footnotes":""},"class_list":["post-304","page","type-page","status-publish","hentry"],"_links":{"self":[{"href":"https:\/\/municoihueco.cl\/Inicio\/wp-json\/wp\/v2\/pages\/304","targetHints":{"allow":["GET"]}}],"collection":[{"href":"https:\/\/municoihueco.cl\/Inicio\/wp-json\/wp\/v2\/pages"}],"about":[{"href":"https:\/\/municoihueco.cl\/Inicio\/wp-json\/wp\/v2\/types\/page"}],"author":[{"embeddable":true,"href":"https:\/\/municoihueco.cl\/Inicio\/wp-json\/wp\/v2\/users\/1"}],"replies":[{"embeddable":true,"href":"https:\/\/municoihueco.cl\/Inicio\/wp-json\/wp\/v2\/comments?post=304"}],"version-history":[{"count":58,"href":"https:\/\/municoihueco.cl\/Inicio\/wp-json\/wp\/v2\/pages\/304\/revisions"}],"predecessor-version":[{"id":11524,"href":"https:\/\/municoihueco.cl\/Inicio\/wp-json\/wp\/v2\/pages\/304\/revisions\/11524"}],"wp:attachment":[{"href":"https:\/\/municoihueco.cl\/Inicio\/wp-json\/wp\/v2\/media?parent=304"}],"curies":[{"name":"wp","href":"https:\/\/api.w.org\/{rel}","templated":true}]}}