{"id":252,"date":"2021-08-24T18:50:45","date_gmt":"2021-08-24T18:50:45","guid":{"rendered":"https:\/\/municoihueco.cl\/Inicio\/?page_id=252"},"modified":"2024-12-06T17:28:31","modified_gmt":"2024-12-06T17:28:31","slug":"direccion-de-obras-municipales","status":"publish","type":"page","link":"https:\/\/municoihueco.cl\/Inicio\/direccion-de-obras-municipales\/","title":{"rendered":"Direcci\u00f3n de Obras Municipales"},"content":{"rendered":"\t\t<div data-elementor-type=\"wp-page\" data-elementor-id=\"252\" class=\"elementor elementor-252\">\n\t\t\t\t\t\t<section class=\"elementor-section elementor-top-section elementor-element elementor-element-768b2f4 elementor-section-boxed elementor-section-height-default elementor-section-height-default\" data-id=\"768b2f4\" data-element_type=\"section\" data-e-type=\"section\">\n\t\t\t\t\t\t<div class=\"elementor-container elementor-column-gap-default\">\n\t\t\t\t\t<div class=\"elementor-column elementor-col-100 elementor-top-column elementor-element elementor-element-c41a18f\" data-id=\"c41a18f\" data-element_type=\"column\" data-e-type=\"column\">\n\t\t\t<div class=\"elementor-widget-wrap elementor-element-populated\">\n\t\t\t\t\t\t<div class=\"elementor-element elementor-element-e5f2954 elementor-widget elementor-widget-image\" data-id=\"e5f2954\" data-element_type=\"widget\" data-e-type=\"widget\" data-widget_type=\"image.default\">\n\t\t\t\t<div class=\"elementor-widget-container\">\n\t\t\t\t\t\t\t\t\t\t\t\t\t\t\t<img fetchpriority=\"high\" decoding=\"async\" width=\"1024\" height=\"192\" src=\"https:\/\/municoihueco.cl\/Inicio\/wp-content\/uploads\/2024\/12\/Banner-DOM-1024x192.png\" class=\"attachment-large size-large wp-image-11490\" alt=\"\" srcset=\"https:\/\/municoihueco.cl\/Inicio\/wp-content\/uploads\/2024\/12\/Banner-DOM-1024x192.png 1024w, https:\/\/municoihueco.cl\/Inicio\/wp-content\/uploads\/2024\/12\/Banner-DOM-300x56.png 300w, https:\/\/municoihueco.cl\/Inicio\/wp-content\/uploads\/2024\/12\/Banner-DOM-768x144.png 768w, https:\/\/municoihueco.cl\/Inicio\/wp-content\/uploads\/2024\/12\/Banner-DOM-1536x288.png 1536w, https:\/\/municoihueco.cl\/Inicio\/wp-content\/uploads\/2024\/12\/Banner-DOM.png 1920w\" sizes=\"(max-width: 1024px) 100vw, 1024px\" \/>\t\t\t\t\t\t\t\t\t\t\t\t\t\t\t<\/div>\n\t\t\t\t<\/div>\n\t\t\t\t\t<\/div>\n\t\t<\/div>\n\t\t\t\t\t<\/div>\n\t\t<\/section>\n\t\t\t\t<section class=\"elementor-section elementor-top-section elementor-element elementor-element-264e8ef elementor-section-boxed elementor-section-height-default elementor-section-height-default\" data-id=\"264e8ef\" data-element_type=\"section\" data-e-type=\"section\">\n\t\t\t\t\t\t<div class=\"elementor-container elementor-column-gap-default\">\n\t\t\t\t\t<div class=\"elementor-column elementor-col-100 elementor-top-column elementor-element elementor-element-768dbf3 elementor-invisible\" data-id=\"768dbf3\" data-element_type=\"column\" data-e-type=\"column\" data-settings=\"{&quot;background_background&quot;:&quot;classic&quot;,&quot;animation&quot;:&quot;fadeInUp&quot;}\">\n\t\t\t<div class=\"elementor-widget-wrap elementor-element-populated\">\n\t\t\t\t\t\t<div class=\"elementor-element elementor-element-35f351b elementor-widget elementor-widget-text-editor\" data-id=\"35f351b\" data-element_type=\"widget\" data-e-type=\"widget\" data-widget_type=\"text-editor.default\">\n\t\t\t\t<div class=\"elementor-widget-container\">\n\t\t\t\t\t\t\t\t\t<p>La Direcci\u00f3n de Obras Municipales se encarga, entre otros, de otorgar los permisos establecidos por la Ordenanza General de Urbanismo y Construcci\u00f3n y de mantener edificaciones y caminos no enrolados por Vialidad.<\/p><p>De la Direcci\u00f3n de Obras dependen las unidades de:<\/p><ul><li>Aseo, Ornato y Medio Ambiente<\/li><li>Urbanismo y Construcci\u00f3n<\/li><li>Ejecuci\u00f3n de Obras<\/li><li>Maestranza, mantenciones y reparaciones<\/li><li>Inspecci\u00f3n<\/li><\/ul>\t\t\t\t\t\t\t\t<\/div>\n\t\t\t\t<\/div>\n\t\t\t\t<section class=\"elementor-section elementor-inner-section elementor-element elementor-element-ec34cb1 elementor-section-boxed elementor-section-height-default elementor-section-height-default\" data-id=\"ec34cb1\" data-element_type=\"section\" data-e-type=\"section\">\n\t\t\t\t\t\t<div class=\"elementor-container elementor-column-gap-default\">\n\t\t\t\t\t<div class=\"elementor-column elementor-col-100 elementor-inner-column elementor-element elementor-element-d84936c\" data-id=\"d84936c\" data-element_type=\"column\" data-e-type=\"column\">\n\t\t\t<div class=\"elementor-widget-wrap elementor-element-populated\">\n\t\t\t\t\t\t<div class=\"elementor-element elementor-element-1e513e5 elementor-widget elementor-widget-text-editor\" data-id=\"1e513e5\" data-element_type=\"widget\" data-e-type=\"widget\" data-widget_type=\"text-editor.default\">\n\t\t\t\t<div class=\"elementor-widget-container\">\n\t\t\t\t\t\t\t\t\t<p><strong>Director de Obras Municipales:<\/strong> Hern\u00e1n Sep\u00falveda Y\u00e1\u00f1ez<\/p><p><strong>Tel\u00e9fono: <\/strong>42-2471002 anexo 240<\/p><p><strong>Correo electr\u00f3nico:<\/strong> <a href=\"mailto:hsepulveda@municoihueco.cl\">hsepulveda@municoihueco.cl<\/a><\/p>\t\t\t\t\t\t\t\t<\/div>\n\t\t\t\t<\/div>\n\t\t\t\t\t<\/div>\n\t\t<\/div>\n\t\t\t\t\t<\/div>\n\t\t<\/section>\n\t\t\t\t\t<\/div>\n\t\t<\/div>\n\t\t\t\t\t<\/div>\n\t\t<\/section>\n\t\t\t\t<\/div>\n\t\t","protected":false},"excerpt":{"rendered":"<p>La Direcci\u00f3n de Obras Municipales se encarga, entre otros, de otorgar los permisos establecidos por la Ordenanza General de Urbanismo y Construcci\u00f3n y de mantener edificaciones y caminos no enrolados por Vialidad. De la Direcci\u00f3n de Obras dependen las unidades de: Aseo, Ornato y Medio Ambiente Urbanismo y Construcci\u00f3n Ejecuci\u00f3n de Obras Maestranza, mantenciones y&#8230;<\/p>\n","protected":false},"author":1,"featured_media":0,"parent":0,"menu_order":0,"comment_status":"closed","ping_status":"closed","template":"","meta":{"_kad_post_transparent":"default","_kad_post_title":"hide","_kad_post_layout":"fullwidth","_kad_post_sidebar_id":"","_kad_post_content_style":"unboxed","_kad_post_vertical_padding":"hide","_kad_post_feature":"hide","_kad_post_feature_position":"","_kad_post_header":false,"_kad_post_footer":false,"_kad_post_classname":"","footnotes":""},"class_list":["post-252","page","type-page","status-publish","hentry"],"_links":{"self":[{"href":"https:\/\/municoihueco.cl\/Inicio\/wp-json\/wp\/v2\/pages\/252","targetHints":{"allow":["GET"]}}],"collection":[{"href":"https:\/\/municoihueco.cl\/Inicio\/wp-json\/wp\/v2\/pages"}],"about":[{"href":"https:\/\/municoihueco.cl\/Inicio\/wp-json\/wp\/v2\/types\/page"}],"author":[{"embeddable":true,"href":"https:\/\/municoihueco.cl\/Inicio\/wp-json\/wp\/v2\/users\/1"}],"replies":[{"embeddable":true,"href":"https:\/\/municoihueco.cl\/Inicio\/wp-json\/wp\/v2\/comments?post=252"}],"version-history":[{"count":46,"href":"https:\/\/municoihueco.cl\/Inicio\/wp-json\/wp\/v2\/pages\/252\/revisions"}],"predecessor-version":[{"id":11493,"href":"https:\/\/municoihueco.cl\/Inicio\/wp-json\/wp\/v2\/pages\/252\/revisions\/11493"}],"wp:attachment":[{"href":"https:\/\/municoihueco.cl\/Inicio\/wp-json\/wp\/v2\/media?parent=252"}],"curies":[{"name":"wp","href":"https:\/\/api.w.org\/{rel}","templated":true}]}}