{"id":247,"date":"2021-08-24T18:49:37","date_gmt":"2021-08-24T18:49:37","guid":{"rendered":"https:\/\/municoihueco.cl\/Inicio\/?page_id=247"},"modified":"2024-12-06T18:07:47","modified_gmt":"2024-12-06T18:07:47","slug":"secretaria-comunal-de-planificacion","status":"publish","type":"page","link":"https:\/\/municoihueco.cl\/Inicio\/secretaria-comunal-de-planificacion\/","title":{"rendered":"Secretar\u00eda Comunal de Planificaci\u00f3n"},"content":{"rendered":"\t\t<div data-elementor-type=\"wp-page\" data-elementor-id=\"247\" class=\"elementor elementor-247\">\n\t\t\t\t\t\t<section class=\"elementor-section elementor-top-section elementor-element elementor-element-cd75112 elementor-section-boxed elementor-section-height-default elementor-section-height-default\" data-id=\"cd75112\" data-element_type=\"section\" data-e-type=\"section\">\n\t\t\t\t\t\t<div class=\"elementor-container elementor-column-gap-default\">\n\t\t\t\t\t<div class=\"elementor-column elementor-col-100 elementor-top-column elementor-element elementor-element-0258443\" data-id=\"0258443\" data-element_type=\"column\" data-e-type=\"column\">\n\t\t\t<div class=\"elementor-widget-wrap elementor-element-populated\">\n\t\t\t\t\t\t<div class=\"elementor-element elementor-element-3f0fcad elementor-widget elementor-widget-image\" data-id=\"3f0fcad\" data-element_type=\"widget\" data-e-type=\"widget\" data-widget_type=\"image.default\">\n\t\t\t\t<div class=\"elementor-widget-container\">\n\t\t\t\t\t\t\t\t\t\t\t\t\t\t\t<img fetchpriority=\"high\" decoding=\"async\" width=\"1024\" height=\"192\" src=\"https:\/\/municoihueco.cl\/Inicio\/wp-content\/uploads\/2024\/12\/Banner-SECPLAN-1024x192.png\" class=\"attachment-large size-large wp-image-11517\" alt=\"\" srcset=\"https:\/\/municoihueco.cl\/Inicio\/wp-content\/uploads\/2024\/12\/Banner-SECPLAN-1024x192.png 1024w, https:\/\/municoihueco.cl\/Inicio\/wp-content\/uploads\/2024\/12\/Banner-SECPLAN-300x56.png 300w, https:\/\/municoihueco.cl\/Inicio\/wp-content\/uploads\/2024\/12\/Banner-SECPLAN-768x144.png 768w, https:\/\/municoihueco.cl\/Inicio\/wp-content\/uploads\/2024\/12\/Banner-SECPLAN-1536x288.png 1536w, https:\/\/municoihueco.cl\/Inicio\/wp-content\/uploads\/2024\/12\/Banner-SECPLAN.png 1920w\" sizes=\"(max-width: 1024px) 100vw, 1024px\" \/>\t\t\t\t\t\t\t\t\t\t\t\t\t\t\t<\/div>\n\t\t\t\t<\/div>\n\t\t\t\t\t<\/div>\n\t\t<\/div>\n\t\t\t\t\t<\/div>\n\t\t<\/section>\n\t\t\t\t<section class=\"elementor-section elementor-top-section elementor-element elementor-element-6b910f8 elementor-section-boxed elementor-section-height-default elementor-section-height-default\" data-id=\"6b910f8\" data-element_type=\"section\" data-e-type=\"section\">\n\t\t\t\t\t\t<div class=\"elementor-container elementor-column-gap-default\">\n\t\t\t\t\t<div class=\"elementor-column elementor-col-100 elementor-top-column elementor-element elementor-element-d3b8717 elementor-invisible\" data-id=\"d3b8717\" data-element_type=\"column\" data-e-type=\"column\" data-settings=\"{&quot;background_background&quot;:&quot;classic&quot;,&quot;animation&quot;:&quot;fadeInUp&quot;}\">\n\t\t\t<div class=\"elementor-widget-wrap elementor-element-populated\">\n\t\t\t\t\t\t<div class=\"elementor-element elementor-element-e6162cb elementor-widget elementor-widget-text-editor\" data-id=\"e6162cb\" data-element_type=\"widget\" data-e-type=\"widget\" data-widget_type=\"text-editor.default\">\n\t\t\t\t<div class=\"elementor-widget-container\">\n\t\t\t\t\t\t\t\t\t<p><span lang=\"ES-CL\">La SECPLAN desempe\u00f1a funciones de asesor\u00eda al Alcalde y al Concejo en materias de estudios y evaluaci\u00f3n para la gesti\u00f3n de proyectos que luego se materializan en obras para la comuna.<\/span><\/p>\t\t\t\t\t\t\t\t<\/div>\n\t\t\t\t<\/div>\n\t\t\t\t<section class=\"elementor-section elementor-inner-section elementor-element elementor-element-f4e87f8 elementor-section-boxed elementor-section-height-default elementor-section-height-default\" data-id=\"f4e87f8\" data-element_type=\"section\" data-e-type=\"section\">\n\t\t\t\t\t\t<div class=\"elementor-container elementor-column-gap-default\">\n\t\t\t\t\t<div class=\"elementor-column elementor-col-50 elementor-inner-column elementor-element elementor-element-7db4c96\" data-id=\"7db4c96\" data-element_type=\"column\" data-e-type=\"column\">\n\t\t\t<div class=\"elementor-widget-wrap elementor-element-populated\">\n\t\t\t\t\t\t<div class=\"elementor-element elementor-element-c8667f0 elementor-widget elementor-widget-image\" data-id=\"c8667f0\" data-element_type=\"widget\" data-e-type=\"widget\" data-widget_type=\"image.default\">\n\t\t\t\t<div class=\"elementor-widget-container\">\n\t\t\t\t\t\t\t\t\t\t\t\t\t\t\t<img decoding=\"async\" width=\"2560\" height=\"1438\" src=\"https:\/\/municoihueco.cl\/Inicio\/wp-content\/uploads\/2024\/12\/director-secplan-scaled.jpg\" class=\"attachment-full size-full wp-image-11066\" alt=\"\" srcset=\"https:\/\/municoihueco.cl\/Inicio\/wp-content\/uploads\/2024\/12\/director-secplan-scaled.jpg 2560w, https:\/\/municoihueco.cl\/Inicio\/wp-content\/uploads\/2024\/12\/director-secplan-300x168.jpg 300w, https:\/\/municoihueco.cl\/Inicio\/wp-content\/uploads\/2024\/12\/director-secplan-1024x575.jpg 1024w, https:\/\/municoihueco.cl\/Inicio\/wp-content\/uploads\/2024\/12\/director-secplan-768x431.jpg 768w, https:\/\/municoihueco.cl\/Inicio\/wp-content\/uploads\/2024\/12\/director-secplan-1536x863.jpg 1536w, https:\/\/municoihueco.cl\/Inicio\/wp-content\/uploads\/2024\/12\/director-secplan-2048x1150.jpg 2048w\" sizes=\"(max-width: 2560px) 100vw, 2560px\" \/>\t\t\t\t\t\t\t\t\t\t\t\t\t\t\t<\/div>\n\t\t\t\t<\/div>\n\t\t\t\t<div class=\"elementor-element elementor-element-4d56c2e elementor-widget elementor-widget-text-editor\" data-id=\"4d56c2e\" data-element_type=\"widget\" data-e-type=\"widget\" data-widget_type=\"text-editor.default\">\n\t\t\t\t<div class=\"elementor-widget-container\">\n\t\t\t\t\t\t\t\t\t<p><strong>Director de SECPLAN<\/strong>: El\u00edas Alfonso Castillo Aguilera<\/p><p><strong>Tel\u00e9fono: <\/strong>42-2471002- 471007 anexo 221<\/p><p><strong>Correo electr\u00f3nico:<\/strong> <a href=\"mailto:ecastillo@municoihueco.cl\" target=\"_blank\" rel=\"noopener\">ecastillo@municoihueco.cl<\/a>\u00a0<\/p>\t\t\t\t\t\t\t\t<\/div>\n\t\t\t\t<\/div>\n\t\t\t\t\t<\/div>\n\t\t<\/div>\n\t\t\t\t<div class=\"elementor-column elementor-col-50 elementor-inner-column elementor-element elementor-element-3d266ff\" data-id=\"3d266ff\" data-element_type=\"column\" data-e-type=\"column\">\n\t\t\t<div class=\"elementor-widget-wrap\">\n\t\t\t\t\t\t\t<\/div>\n\t\t<\/div>\n\t\t\t\t\t<\/div>\n\t\t<\/section>\n\t\t\t\t\t<\/div>\n\t\t<\/div>\n\t\t\t\t\t<\/div>\n\t\t<\/section>\n\t\t\t\t<\/div>\n\t\t","protected":false},"excerpt":{"rendered":"<p>La SECPLAN desempe\u00f1a funciones de asesor\u00eda al Alcalde y al Concejo en materias de estudios y evaluaci\u00f3n para la gesti\u00f3n de proyectos que luego se materializan en obras para la comuna. CONTACTO Director de SECPLAN: El\u00edas Alfonso Castillo Aguilera Tel\u00e9fono: 42-2471002- 471007 anexo 221 Correo electr\u00f3nico: ecastillo@municoihueco.cl\u00a0<\/p>\n","protected":false},"author":1,"featured_media":0,"parent":0,"menu_order":0,"comment_status":"closed","ping_status":"closed","template":"","meta":{"_kad_post_transparent":"default","_kad_post_title":"hide","_kad_post_layout":"fullwidth","_kad_post_sidebar_id":"","_kad_post_content_style":"unboxed","_kad_post_vertical_padding":"hide","_kad_post_feature":"hide","_kad_post_feature_position":"","_kad_post_header":false,"_kad_post_footer":false,"_kad_post_classname":"","footnotes":""},"class_list":["post-247","page","type-page","status-publish","hentry"],"_links":{"self":[{"href":"https:\/\/municoihueco.cl\/Inicio\/wp-json\/wp\/v2\/pages\/247","targetHints":{"allow":["GET"]}}],"collection":[{"href":"https:\/\/municoihueco.cl\/Inicio\/wp-json\/wp\/v2\/pages"}],"about":[{"href":"https:\/\/municoihueco.cl\/Inicio\/wp-json\/wp\/v2\/types\/page"}],"author":[{"embeddable":true,"href":"https:\/\/municoihueco.cl\/Inicio\/wp-json\/wp\/v2\/users\/1"}],"replies":[{"embeddable":true,"href":"https:\/\/municoihueco.cl\/Inicio\/wp-json\/wp\/v2\/comments?post=247"}],"version-history":[{"count":52,"href":"https:\/\/municoihueco.cl\/Inicio\/wp-json\/wp\/v2\/pages\/247\/revisions"}],"predecessor-version":[{"id":11520,"href":"https:\/\/municoihueco.cl\/Inicio\/wp-json\/wp\/v2\/pages\/247\/revisions\/11520"}],"wp:attachment":[{"href":"https:\/\/municoihueco.cl\/Inicio\/wp-json\/wp\/v2\/media?parent=247"}],"curies":[{"name":"wp","href":"https:\/\/api.w.org\/{rel}","templated":true}]}}