{"id":12647,"date":"2025-09-26T16:36:53","date_gmt":"2025-09-26T16:36:53","guid":{"rendered":"https:\/\/municoihueco.cl\/Inicio\/?page_id=12647"},"modified":"2025-10-13T20:24:09","modified_gmt":"2025-10-13T20:24:09","slug":"codigo-de-etica-municipal","status":"publish","type":"page","link":"https:\/\/municoihueco.cl\/Inicio\/codigo-de-etica-municipal\/","title":{"rendered":"C\u00f3digo de \u00c9tica Municipal"},"content":{"rendered":"\t\t<div data-elementor-type=\"wp-page\" data-elementor-id=\"12647\" class=\"elementor elementor-12647\">\n\t\t\t\t\t\t<section class=\"elementor-section elementor-top-section elementor-element elementor-element-b41efa5 elementor-section-boxed elementor-section-height-default elementor-section-height-default\" data-id=\"b41efa5\" data-element_type=\"section\" data-e-type=\"section\">\n\t\t\t\t\t\t<div class=\"elementor-container elementor-column-gap-default\">\n\t\t\t\t\t<div class=\"elementor-column elementor-col-100 elementor-top-column elementor-element elementor-element-ba0788a\" data-id=\"ba0788a\" data-element_type=\"column\" data-e-type=\"column\">\n\t\t\t<div class=\"elementor-widget-wrap elementor-element-populated\">\n\t\t\t\t\t\t<div class=\"elementor-element elementor-element-0f9014c elementor-widget elementor-widget-image\" data-id=\"0f9014c\" data-element_type=\"widget\" data-e-type=\"widget\" data-widget_type=\"image.default\">\n\t\t\t\t<div class=\"elementor-widget-container\">\n\t\t\t\t\t\t\t\t\t\t\t\t\t\t\t<img fetchpriority=\"high\" decoding=\"async\" width=\"2560\" height=\"971\" src=\"https:\/\/municoihueco.cl\/Inicio\/wp-content\/uploads\/2025\/09\/slide-sitio-web-scaled.jpg\" class=\"attachment-full size-full wp-image-12650\" alt=\"\" srcset=\"https:\/\/municoihueco.cl\/Inicio\/wp-content\/uploads\/2025\/09\/slide-sitio-web-scaled.jpg 2560w, https:\/\/municoihueco.cl\/Inicio\/wp-content\/uploads\/2025\/09\/slide-sitio-web-300x114.jpg 300w, https:\/\/municoihueco.cl\/Inicio\/wp-content\/uploads\/2025\/09\/slide-sitio-web-1024x388.jpg 1024w, https:\/\/municoihueco.cl\/Inicio\/wp-content\/uploads\/2025\/09\/slide-sitio-web-768x291.jpg 768w, https:\/\/municoihueco.cl\/Inicio\/wp-content\/uploads\/2025\/09\/slide-sitio-web-1536x583.jpg 1536w, https:\/\/municoihueco.cl\/Inicio\/wp-content\/uploads\/2025\/09\/slide-sitio-web-2048x777.jpg 2048w\" sizes=\"(max-width: 2560px) 100vw, 2560px\" \/>\t\t\t\t\t\t\t\t\t\t\t\t\t\t\t<\/div>\n\t\t\t\t<\/div>\n\t\t\t\t\t<\/div>\n\t\t<\/div>\n\t\t\t\t\t<\/div>\n\t\t<\/section>\n\t\t\t\t<section class=\"elementor-section elementor-top-section elementor-element elementor-element-9ee19f1 elementor-section-boxed elementor-section-height-default elementor-section-height-default\" data-id=\"9ee19f1\" data-element_type=\"section\" data-e-type=\"section\">\n\t\t\t\t\t\t<div class=\"elementor-container elementor-column-gap-default\">\n\t\t\t\t\t<div class=\"elementor-column elementor-col-100 elementor-top-column elementor-element elementor-element-61f6196\" data-id=\"61f6196\" data-element_type=\"column\" data-e-type=\"column\">\n\t\t\t<div class=\"elementor-widget-wrap elementor-element-populated\">\n\t\t\t\t\t\t<div class=\"elementor-element elementor-element-b8bda5c elementor-widget elementor-widget-text-editor\" data-id=\"b8bda5c\" data-element_type=\"widget\" data-e-type=\"widget\" data-widget_type=\"text-editor.default\">\n\t\t\t\t<div class=\"elementor-widget-container\">\n\t\t\t\t\t\t\t\t\t<p><strong>La Ilustre Municipalidad de Coihueco<\/strong> se encuentra en un proceso in\u00e9dito para contar, por primera vez, de un C\u00f3digo de \u00c9tica Municipal. En este proceso participativo nos acompa\u00f1a la Subdere,\u00a0 el PNUD, la Contralor\u00eda General de la Rep\u00fablica, la Comisi\u00f3n para la Transparencia del Ministerio Secretar\u00eda General de la Presidencia y el Servicio Civil.<\/p><div class=\"x_elementToProof\">Esta iniciativa busca promover, difundir y fortalecer los principios de transparencia, publicidad, probidad, y as\u00ed articular un sistema de integridad p\u00fablica que garantice la confianza ciudadana en nuestras instituciones.<\/div><div class=\"x_elementToProof\">\u00a0<\/div><div class=\"x_elementToProof\">El proceso es liderado por el Comit\u00e9 de Integridad Municipal, conformado por representantes de la Administraci\u00f3n Municipal, Direcci\u00f3n de Asesor\u00eda Jur\u00eddica, Direcci\u00f3n de Control, el \u00e1rea de Recursos Humanos y la Asociaci\u00f3n de Funcionarios del Municipio de Coihueco.<\/div>\t\t\t\t\t\t\t\t<\/div>\n\t\t\t\t<\/div>\n\t\t\t\t\t<\/div>\n\t\t<\/div>\n\t\t\t\t\t<\/div>\n\t\t<\/section>\n\t\t\t\t<section class=\"elementor-section elementor-top-section elementor-element elementor-element-1fb0c4d elementor-section-boxed elementor-section-height-default elementor-section-height-default\" data-id=\"1fb0c4d\" data-element_type=\"section\" data-e-type=\"section\">\n\t\t\t\t\t\t<div class=\"elementor-container elementor-column-gap-default\">\n\t\t\t\t\t<div class=\"elementor-column elementor-col-100 elementor-top-column elementor-element elementor-element-7d9a451\" data-id=\"7d9a451\" data-element_type=\"column\" data-e-type=\"column\">\n\t\t\t<div class=\"elementor-widget-wrap elementor-element-populated\">\n\t\t\t\t\t\t<div class=\"elementor-element elementor-element-52243ea elementor-widget elementor-widget-video\" data-id=\"52243ea\" data-element_type=\"widget\" data-e-type=\"widget\" data-settings=\"{&quot;youtube_url&quot;:&quot;https:\\\/\\\/youtube.com\\\/shorts\\\/nz-YBoaByQ0&quot;,&quot;autoplay&quot;:&quot;yes&quot;,&quot;play_on_mobile&quot;:&quot;yes&quot;,&quot;video_type&quot;:&quot;youtube&quot;}\" data-widget_type=\"video.default\">\n\t\t\t\t<div class=\"elementor-widget-container\">\n\t\t\t\t\t\t\t<div class=\"elementor-wrapper elementor-open-inline\">\n\t\t\t<div class=\"elementor-video\"><\/div>\t\t<\/div>\n\t\t\t\t\t\t<\/div>\n\t\t\t\t<\/div>\n\t\t\t\t\t<\/div>\n\t\t<\/div>\n\t\t\t\t\t<\/div>\n\t\t<\/section>\n\t\t\t\t<section class=\"elementor-section elementor-top-section elementor-element elementor-element-14652eb elementor-section-boxed elementor-section-height-default elementor-section-height-default\" data-id=\"14652eb\" data-element_type=\"section\" data-e-type=\"section\">\n\t\t\t\t\t\t<div class=\"elementor-container elementor-column-gap-default\">\n\t\t\t\t\t<div class=\"elementor-column elementor-col-100 elementor-top-column elementor-element elementor-element-0c5a034\" data-id=\"0c5a034\" data-element_type=\"column\" data-e-type=\"column\">\n\t\t\t<div class=\"elementor-widget-wrap elementor-element-populated\">\n\t\t\t\t\t\t<div class=\"elementor-element elementor-element-06fc4df elementor-widget elementor-widget-image\" data-id=\"06fc4df\" data-element_type=\"widget\" data-e-type=\"widget\" data-widget_type=\"image.default\">\n\t\t\t\t<div class=\"elementor-widget-container\">\n\t\t\t\t\t\t\t\t\t\t\t\t\t\t\t<img decoding=\"async\" width=\"791\" height=\"1024\" src=\"https:\/\/municoihueco.cl\/Inicio\/wp-content\/uploads\/2025\/09\/2f8b26ca-f207-4010-86ea-8a96c5b2efb9-791x1024.png\" class=\"attachment-large size-large wp-image-12651\" alt=\"\" srcset=\"https:\/\/municoihueco.cl\/Inicio\/wp-content\/uploads\/2025\/09\/2f8b26ca-f207-4010-86ea-8a96c5b2efb9-791x1024.png 791w, https:\/\/municoihueco.cl\/Inicio\/wp-content\/uploads\/2025\/09\/2f8b26ca-f207-4010-86ea-8a96c5b2efb9-232x300.png 232w, https:\/\/municoihueco.cl\/Inicio\/wp-content\/uploads\/2025\/09\/2f8b26ca-f207-4010-86ea-8a96c5b2efb9-768x994.png 768w, https:\/\/municoihueco.cl\/Inicio\/wp-content\/uploads\/2025\/09\/2f8b26ca-f207-4010-86ea-8a96c5b2efb9-1187x1536.png 1187w, https:\/\/municoihueco.cl\/Inicio\/wp-content\/uploads\/2025\/09\/2f8b26ca-f207-4010-86ea-8a96c5b2efb9-1583x2048.png 1583w, https:\/\/municoihueco.cl\/Inicio\/wp-content\/uploads\/2025\/09\/2f8b26ca-f207-4010-86ea-8a96c5b2efb9-scaled.png 1978w\" sizes=\"(max-width: 791px) 100vw, 791px\" \/>\t\t\t\t\t\t\t\t\t\t\t\t\t\t\t<\/div>\n\t\t\t\t<\/div>\n\t\t\t\t\t<\/div>\n\t\t<\/div>\n\t\t\t\t\t<\/div>\n\t\t<\/section>\n\t\t\t\t<\/div>\n\t\t","protected":false},"excerpt":{"rendered":"<p>La Ilustre Municipalidad de Coihueco se encuentra en un proceso in\u00e9dito para contar, por primera vez, de un C\u00f3digo de \u00c9tica Municipal. En este proceso participativo nos acompa\u00f1a la Subdere,\u00a0 el PNUD, la Contralor\u00eda General de la Rep\u00fablica, la Comisi\u00f3n para la Transparencia del Ministerio Secretar\u00eda General de la Presidencia y el Servicio Civil. Esta&#8230;<\/p>\n","protected":false},"author":3,"featured_media":0,"parent":0,"menu_order":0,"comment_status":"closed","ping_status":"closed","template":"","meta":{"_kad_post_transparent":"default","_kad_post_title":"hide","_kad_post_layout":"fullwidth","_kad_post_sidebar_id":"","_kad_post_content_style":"unboxed","_kad_post_vertical_padding":"hide","_kad_post_feature":"hide","_kad_post_feature_position":"","_kad_post_header":false,"_kad_post_footer":false,"_kad_post_classname":"","footnotes":""},"class_list":["post-12647","page","type-page","status-publish","hentry"],"_links":{"self":[{"href":"https:\/\/municoihueco.cl\/Inicio\/wp-json\/wp\/v2\/pages\/12647","targetHints":{"allow":["GET"]}}],"collection":[{"href":"https:\/\/municoihueco.cl\/Inicio\/wp-json\/wp\/v2\/pages"}],"about":[{"href":"https:\/\/municoihueco.cl\/Inicio\/wp-json\/wp\/v2\/types\/page"}],"author":[{"embeddable":true,"href":"https:\/\/municoihueco.cl\/Inicio\/wp-json\/wp\/v2\/users\/3"}],"replies":[{"embeddable":true,"href":"https:\/\/municoihueco.cl\/Inicio\/wp-json\/wp\/v2\/comments?post=12647"}],"version-history":[{"count":16,"href":"https:\/\/municoihueco.cl\/Inicio\/wp-json\/wp\/v2\/pages\/12647\/revisions"}],"predecessor-version":[{"id":12732,"href":"https:\/\/municoihueco.cl\/Inicio\/wp-json\/wp\/v2\/pages\/12647\/revisions\/12732"}],"wp:attachment":[{"href":"https:\/\/municoihueco.cl\/Inicio\/wp-json\/wp\/v2\/media?parent=12647"}],"curies":[{"name":"wp","href":"https:\/\/api.w.org\/{rel}","templated":true}]}}